{"id":3,"date":"2023-01-06T14:32:53","date_gmt":"2023-01-06T14:32:53","guid":{"rendered":"https:\/\/adspartner.ch\/safemong\/?page_id=3"},"modified":"2024-02-15T16:18:01","modified_gmt":"2024-02-15T16:18:01","slug":"privacy-policy","status":"publish","type":"page","link":"https:\/\/bigmountaintattoo.ch\/index.php\/privacy-policy\/","title":{"rendered":"Impressum"},"content":{"rendered":"\t\t<div data-elementor-type=\"wp-page\" data-elementor-id=\"3\" class=\"elementor elementor-3\" data-elementor-post-type=\"page\">\n\t\t\t\t\t\t<section class=\"elementor-section elementor-top-section elementor-element elementor-element-57d5beec elementor-section-boxed elementor-section-height-default elementor-section-height-default\" data-id=\"57d5beec\" data-element_type=\"section\" data-e-type=\"section\">\n\t\t\t\t\t\t<div class=\"elementor-container elementor-column-gap-default\">\n\t\t\t\t\t<div class=\"elementor-column elementor-col-100 elementor-top-column elementor-element elementor-element-4c1cf4ba\" data-id=\"4c1cf4ba\" data-element_type=\"column\" data-e-type=\"column\">\n\t\t\t<div class=\"elementor-widget-wrap elementor-element-populated\">\n\t\t\t\t\t\t<div class=\"elementor-element elementor-element-5b0bddf4 elementor-widget elementor-widget-text-editor\" data-id=\"5b0bddf4\" data-element_type=\"widget\" data-e-type=\"widget\" data-widget_type=\"text-editor.default\">\n\t\t\t\t<div class=\"elementor-widget-container\">\n\t\t\t\t\t\t\t\t\t\n<p>Angaben gem\u00e4ss \u00a7 5 TMG<\/p>\n\n<p>Denny Raphael Schulz &#8211; Bigmountaintattoo.ch<\/p>\n\n<p>Gr\u00fcneckstrasse 55,<br \/>8555\u00a0M\u00fcllheim<\/p>\n\n<p>Vertreten durch:<\/p>\n\n<p>Inhaber: Denny Raphael Schulz<\/p>\n\n<p>Kontakt:<\/p>\n\n<p>Telefon: +4176 787 82 43<\/p>\n\n<p>E-Mail: info@bigmountaintattoo.ch<\/p>\n\n<p>USt-IdNr.:<\/p>\n\n<p>Verantwortlich f\u00fcr den Inhalt nach \u00a7 55 Abs. 2 RStV:<\/p>\n\n<p>Denny Raphael Schulz<\/p>\n\n<p>Bildnachweis:<\/p>\n\n<p>Fotolia, Pixelio, Shutterstock<\/p>\n\n<p>Hinweis auf EU-Streitschlichtung<\/p>\n\n<p>Die Europ\u00e4ische Kommission stellt eine Plattform zur Online-Streitbeilegung (OS) bereit: http:\/\/ec.europa.eu\/consumers\/odr<br \/>Unsere E-Mail-Adresse finden sie oben im Impressum.<\/p>\n\n<p>Haftungsausschluss<\/p>\n\n<p>Haftung f\u00fcr Inhalte<\/p>\n\n<p>Die Inhalte unserer Seiten wurden mit gr\u00f6\u00dfter Sorgfalt erstellt. F\u00fcr die Richtigkeit, Vollst\u00e4ndigkeit und Aktualit\u00e4t der Inhalte k\u00f6nnen wir jedoch keine Gew\u00e4hr \u00fcbernehmen. Als Diensteanbieter sind wir gem\u00e4\u00df \u00a7 7 Abs.1 TMG f\u00fcr eigene Inhalte auf diesen Seiten nach den allgemeinen Gesetzen verantwortlich. Nach \u00a7\u00a7 8 bis 10 TMG sind wir als Diensteanbieter jedoch nicht verpflichtet, \u00fcbermittelte oder gespeicherte fremde Informationen zu \u00fcberwachen oder nach Umst\u00e4nden zu forschen, die auf eine rechtswidrige T\u00e4tigkeit hinweisen. Verpflichtungen zur Entfernung oder Sperrung der Nutzung von Informationen nach den allgemeinen Gesetzen bleiben hiervon unber\u00fchrt. Eine diesbez\u00fcgliche Haftung ist jedoch erst ab dem Zeitpunkt der Kenntnis einer konkreten Rechtsverletzung m\u00f6glich. Bei Bekanntwerden von entsprechenden Rechtsverletzungen werden wir diese Inhalte umgehend entfernen.<\/p>\n\n<p>Haftung f\u00fcr Links<\/p>\n\n<p>Unser Angebot enth\u00e4lt Links zu externen Webseiten Dritter, auf deren Inhalte wir keinen Einfluss haben. Deshalb k\u00f6nnen wir f\u00fcr diese fremden Inhalte auch keine Gew\u00e4hr \u00fcbernehmen. F\u00fcr die Inhalte der verlinkten Seiten ist stets der jeweilige Anbieter oder Betreiber der Seiten verantwortlich. Die verlinkten Seiten wurden zum Zeitpunkt der Verlinkung auf m\u00f6gliche Rechtsverst\u00f6\u00dfe \u00fcberpr\u00fcft. Rechtswidrige Inhalte waren zum Zeitpunkt der Verlinkung nicht erkennbar. Eine permanente inhaltliche Kontrolle der verlinkten Seiten ist jedoch ohne konkrete Anhaltspunkte einer Rechtsverletzung nicht zumutbar. Bei Bekanntwerden von Rechtsverletzungen werden wir derartige Links umgehend entfernen.<\/p>\n\n<p>Urheberrecht<\/p>\n\n<p>Die durch die Seitenbetreiber erstellten Inhalte und Werke auf diesen Seiten unterliegen dem deutschen Urheberrecht. Die Vervielf\u00e4ltigung, Bearbeitung, Verbreitung und jede Art der Verwertung au\u00dferhalb der Grenzen des Urheberrechtes bed\u00fcrfen der schriftlichen Zustimmung des jeweiligen Autors bzw. Erstellers. Downloads und Kopien dieser Seite sind nur f\u00fcr den privaten, nicht kommerziellen Gebrauch gestattet. Soweit die Inhalte auf dieser Seite nicht vom Betreiber erstellt wurden, werden die Urheberrechte Dritter beachtet. Insbesondere werden Inhalte Dritter als solche gekennzeichnet. Sollten Sie trotzdem auf eine Urheberrechtsverletzung aufmerksam werden, bitten wir um einen entsprechenden Hinweis. Bei Bekanntwerden von Rechtsverletzungen werden wir derartige Inhalte umgehend entfernen.<\/p>\n\t\t\t\t\t\t\t\t<\/div>\n\t\t\t\t<\/div>\n\t\t\t\t\t<\/div>\n\t\t<\/div>\n\t\t\t\t\t<\/div>\n\t\t<\/section>\n\t\t\t\t<\/div>\n\t\t","protected":false},"excerpt":{"rendered":"<p>Angaben gem\u00e4ss \u00a7 5 TMG Denny Raphael Schulz &#8211; Bigmountaintattoo.ch Gr\u00fcneckstrasse 55,8555\u00a0M\u00fcllheim Vertreten durch: Inhaber: Denny Raphael Schulz Kontakt: Telefon: +4176 787 82 43 E-Mail: info@bigmountaintattoo.ch USt-IdNr.: Verantwortlich f\u00fcr den Inhalt nach \u00a7 55 Abs. 2 RStV: Denny Raphael Schulz Bildnachweis: Fotolia, Pixelio, Shutterstock Hinweis auf EU-Streitschlichtung Die Europ\u00e4ische Kommission stellt eine Plattform zur Online-Streitbeilegung [&hellip;]<\/p>\n","protected":false},"author":1,"featured_media":0,"parent":0,"menu_order":0,"comment_status":"closed","ping_status":"closed","template":"","meta":{"footnotes":""},"class_list":["post-3","page","type-page","status-publish","hentry"],"yoast_head":"<!-- This site is optimized with the Yoast SEO plugin v27.4 - https:\/\/yoast.com\/product\/yoast-seo-wordpress\/ -->\n<title>Impressum - Big Mountain Tattoo<\/title>\n<meta name=\"description\" content=\"Impressum - Bigmountain Tattoo Thurgau \/ Weinfelden \/ Frauenfeld, Gr\u00fcneckstrasse 55,8555 M\u00fcllheim I 076 787 82 43 I info@bigmountaintattoo.ch\" \/>\n<meta name=\"robots\" content=\"index, follow, max-snippet:-1, max-image-preview:large, max-video-preview:-1\" \/>\n<link rel=\"canonical\" href=\"https:\/\/bigmountaintattoo.ch\/index.php\/privacy-policy\/\" \/>\n<meta property=\"og:locale\" content=\"de_DE\" \/>\n<meta property=\"og:type\" content=\"article\" \/>\n<meta property=\"og:title\" content=\"Impressum - Big Mountain Tattoo\" \/>\n<meta property=\"og:description\" content=\"Impressum - Bigmountain Tattoo Thurgau \/ Weinfelden \/ Frauenfeld, Gr\u00fcneckstrasse 55,8555 M\u00fcllheim I 076 787 82 43 I info@bigmountaintattoo.ch\" \/>\n<meta property=\"og:url\" content=\"https:\/\/bigmountaintattoo.ch\/index.php\/privacy-policy\/\" \/>\n<meta property=\"og:site_name\" content=\"Big Mountain Tattoo\" \/>\n<meta property=\"article:publisher\" content=\"https:\/\/www.facebook.com\/bigmountaintattoo\" \/>\n<meta property=\"article:modified_time\" content=\"2024-02-15T16:18:01+00:00\" \/>\n<meta property=\"og:image\" content=\"https:\/\/bigmountaintattoo.ch\/wp-content\/uploads\/2023\/01\/Dominik_Baur_P2A0771_bearbeitet_web.jpg\" \/>\n\t<meta property=\"og:image:width\" content=\"2000\" \/>\n\t<meta property=\"og:image:height\" content=\"1333\" \/>\n\t<meta property=\"og:image:type\" content=\"image\/jpeg\" \/>\n<meta name=\"twitter:card\" content=\"summary_large_image\" \/>\n<meta name=\"twitter:label1\" content=\"Gesch\u00e4tzte Lesezeit\" \/>\n\t<meta name=\"twitter:data1\" content=\"3\u00a0Minuten\" \/>\n<script type=\"application\/ld+json\" class=\"yoast-schema-graph\">{\"@context\":\"https:\\\/\\\/schema.org\",\"@graph\":[{\"@type\":\"WebPage\",\"@id\":\"https:\\\/\\\/bigmountaintattoo.ch\\\/index.php\\\/privacy-policy\\\/\",\"url\":\"https:\\\/\\\/bigmountaintattoo.ch\\\/index.php\\\/privacy-policy\\\/\",\"name\":\"Impressum - Big Mountain Tattoo\",\"isPartOf\":{\"@id\":\"https:\\\/\\\/bigmountaintattoo.ch\\\/#website\"},\"datePublished\":\"2023-01-06T14:32:53+00:00\",\"dateModified\":\"2024-02-15T16:18:01+00:00\",\"description\":\"Impressum - Bigmountain Tattoo Thurgau \\\/ Weinfelden \\\/ Frauenfeld, Gr\u00fcneckstrasse 55,8555 M\u00fcllheim I 076 787 82 43 I info@bigmountaintattoo.ch\",\"breadcrumb\":{\"@id\":\"https:\\\/\\\/bigmountaintattoo.ch\\\/index.php\\\/privacy-policy\\\/#breadcrumb\"},\"inLanguage\":\"de-CH\",\"potentialAction\":[{\"@type\":\"ReadAction\",\"target\":[\"https:\\\/\\\/bigmountaintattoo.ch\\\/index.php\\\/privacy-policy\\\/\"]}]},{\"@type\":\"BreadcrumbList\",\"@id\":\"https:\\\/\\\/bigmountaintattoo.ch\\\/index.php\\\/privacy-policy\\\/#breadcrumb\",\"itemListElement\":[{\"@type\":\"ListItem\",\"position\":1,\"name\":\"Home\",\"item\":\"https:\\\/\\\/bigmountaintattoo.ch\\\/\"},{\"@type\":\"ListItem\",\"position\":2,\"name\":\"Impressum\"}]},{\"@type\":\"WebSite\",\"@id\":\"https:\\\/\\\/bigmountaintattoo.ch\\\/#website\",\"url\":\"https:\\\/\\\/bigmountaintattoo.ch\\\/\",\"name\":\"Big Mountain Tattoo\",\"description\":\"T\u00e4towierer der Schweizer Eishockey-Nationalmannschaft\",\"publisher\":{\"@id\":\"https:\\\/\\\/bigmountaintattoo.ch\\\/#organization\"},\"potentialAction\":[{\"@type\":\"SearchAction\",\"target\":{\"@type\":\"EntryPoint\",\"urlTemplate\":\"https:\\\/\\\/bigmountaintattoo.ch\\\/?s={search_term_string}\"},\"query-input\":{\"@type\":\"PropertyValueSpecification\",\"valueRequired\":true,\"valueName\":\"search_term_string\"}}],\"inLanguage\":\"de-CH\"},{\"@type\":\"Organization\",\"@id\":\"https:\\\/\\\/bigmountaintattoo.ch\\\/#organization\",\"name\":\"Big Mountain Tattoo\",\"alternateName\":\"Big Mountain Tattoo\",\"url\":\"https:\\\/\\\/bigmountaintattoo.ch\\\/\",\"logo\":{\"@type\":\"ImageObject\",\"inLanguage\":\"de-CH\",\"@id\":\"https:\\\/\\\/bigmountaintattoo.ch\\\/#\\\/schema\\\/logo\\\/image\\\/\",\"url\":\"https:\\\/\\\/bigmountaintattoo.ch\\\/wp-content\\\/uploads\\\/2023\\\/01\\\/cropped-Transparent_Image_1-1.png\",\"contentUrl\":\"https:\\\/\\\/bigmountaintattoo.ch\\\/wp-content\\\/uploads\\\/2023\\\/01\\\/cropped-Transparent_Image_1-1.png\",\"width\":4619,\"height\":3547,\"caption\":\"Big Mountain Tattoo\"},\"image\":{\"@id\":\"https:\\\/\\\/bigmountaintattoo.ch\\\/#\\\/schema\\\/logo\\\/image\\\/\"},\"sameAs\":[\"https:\\\/\\\/www.facebook.com\\\/bigmountaintattoo\"]}]}<\/script>\n<!-- \/ Yoast SEO plugin. -->","yoast_head_json":{"title":"Impressum - Big Mountain Tattoo","description":"Impressum - Bigmountain Tattoo Thurgau \/ Weinfelden \/ Frauenfeld, Gr\u00fcneckstrasse 55,8555 M\u00fcllheim I 076 787 82 43 I info@bigmountaintattoo.ch","robots":{"index":"index","follow":"follow","max-snippet":"max-snippet:-1","max-image-preview":"max-image-preview:large","max-video-preview":"max-video-preview:-1"},"canonical":"https:\/\/bigmountaintattoo.ch\/index.php\/privacy-policy\/","og_locale":"de_DE","og_type":"article","og_title":"Impressum - Big Mountain Tattoo","og_description":"Impressum - Bigmountain Tattoo Thurgau \/ Weinfelden \/ Frauenfeld, Gr\u00fcneckstrasse 55,8555 M\u00fcllheim I 076 787 82 43 I info@bigmountaintattoo.ch","og_url":"https:\/\/bigmountaintattoo.ch\/index.php\/privacy-policy\/","og_site_name":"Big Mountain Tattoo","article_publisher":"https:\/\/www.facebook.com\/bigmountaintattoo","article_modified_time":"2024-02-15T16:18:01+00:00","og_image":[{"width":2000,"height":1333,"url":"https:\/\/bigmountaintattoo.ch\/wp-content\/uploads\/2023\/01\/Dominik_Baur_P2A0771_bearbeitet_web.jpg","type":"image\/jpeg"}],"twitter_card":"summary_large_image","twitter_misc":{"Gesch\u00e4tzte Lesezeit":"3\u00a0Minuten"},"schema":{"@context":"https:\/\/schema.org","@graph":[{"@type":"WebPage","@id":"https:\/\/bigmountaintattoo.ch\/index.php\/privacy-policy\/","url":"https:\/\/bigmountaintattoo.ch\/index.php\/privacy-policy\/","name":"Impressum - Big Mountain Tattoo","isPartOf":{"@id":"https:\/\/bigmountaintattoo.ch\/#website"},"datePublished":"2023-01-06T14:32:53+00:00","dateModified":"2024-02-15T16:18:01+00:00","description":"Impressum - Bigmountain Tattoo Thurgau \/ Weinfelden \/ Frauenfeld, Gr\u00fcneckstrasse 55,8555 M\u00fcllheim I 076 787 82 43 I info@bigmountaintattoo.ch","breadcrumb":{"@id":"https:\/\/bigmountaintattoo.ch\/index.php\/privacy-policy\/#breadcrumb"},"inLanguage":"de-CH","potentialAction":[{"@type":"ReadAction","target":["https:\/\/bigmountaintattoo.ch\/index.php\/privacy-policy\/"]}]},{"@type":"BreadcrumbList","@id":"https:\/\/bigmountaintattoo.ch\/index.php\/privacy-policy\/#breadcrumb","itemListElement":[{"@type":"ListItem","position":1,"name":"Home","item":"https:\/\/bigmountaintattoo.ch\/"},{"@type":"ListItem","position":2,"name":"Impressum"}]},{"@type":"WebSite","@id":"https:\/\/bigmountaintattoo.ch\/#website","url":"https:\/\/bigmountaintattoo.ch\/","name":"Big Mountain Tattoo","description":"T\u00e4towierer der Schweizer Eishockey-Nationalmannschaft","publisher":{"@id":"https:\/\/bigmountaintattoo.ch\/#organization"},"potentialAction":[{"@type":"SearchAction","target":{"@type":"EntryPoint","urlTemplate":"https:\/\/bigmountaintattoo.ch\/?s={search_term_string}"},"query-input":{"@type":"PropertyValueSpecification","valueRequired":true,"valueName":"search_term_string"}}],"inLanguage":"de-CH"},{"@type":"Organization","@id":"https:\/\/bigmountaintattoo.ch\/#organization","name":"Big Mountain Tattoo","alternateName":"Big Mountain Tattoo","url":"https:\/\/bigmountaintattoo.ch\/","logo":{"@type":"ImageObject","inLanguage":"de-CH","@id":"https:\/\/bigmountaintattoo.ch\/#\/schema\/logo\/image\/","url":"https:\/\/bigmountaintattoo.ch\/wp-content\/uploads\/2023\/01\/cropped-Transparent_Image_1-1.png","contentUrl":"https:\/\/bigmountaintattoo.ch\/wp-content\/uploads\/2023\/01\/cropped-Transparent_Image_1-1.png","width":4619,"height":3547,"caption":"Big Mountain Tattoo"},"image":{"@id":"https:\/\/bigmountaintattoo.ch\/#\/schema\/logo\/image\/"},"sameAs":["https:\/\/www.facebook.com\/bigmountaintattoo"]}]}},"_links":{"self":[{"href":"https:\/\/bigmountaintattoo.ch\/index.php\/wp-json\/wp\/v2\/pages\/3","targetHints":{"allow":["GET"]}}],"collection":[{"href":"https:\/\/bigmountaintattoo.ch\/index.php\/wp-json\/wp\/v2\/pages"}],"about":[{"href":"https:\/\/bigmountaintattoo.ch\/index.php\/wp-json\/wp\/v2\/types\/page"}],"author":[{"embeddable":true,"href":"https:\/\/bigmountaintattoo.ch\/index.php\/wp-json\/wp\/v2\/users\/1"}],"replies":[{"embeddable":true,"href":"https:\/\/bigmountaintattoo.ch\/index.php\/wp-json\/wp\/v2\/comments?post=3"}],"version-history":[{"count":6,"href":"https:\/\/bigmountaintattoo.ch\/index.php\/wp-json\/wp\/v2\/pages\/3\/revisions"}],"predecessor-version":[{"id":1352,"href":"https:\/\/bigmountaintattoo.ch\/index.php\/wp-json\/wp\/v2\/pages\/3\/revisions\/1352"}],"wp:attachment":[{"href":"https:\/\/bigmountaintattoo.ch\/index.php\/wp-json\/wp\/v2\/media?parent=3"}],"curies":[{"name":"wp","href":"https:\/\/api.w.org\/{rel}","templated":true}]}}